{"id":1068,"date":"2019-11-10T13:02:42","date_gmt":"2019-11-10T13:02:42","guid":{"rendered":"http:\/\/droitthemes.com\/wp\/wavee\/?page_id=1068"},"modified":"2021-10-04T16:32:23","modified_gmt":"2021-10-04T14:32:23","slug":"home-split","status":"publish","type":"page","link":"https:\/\/www.zahori.digital\/","title":{"rendered":"Z\u00e1hor\u00ed.digital"},"content":{"rendered":"","protected":false},"excerpt":{"rendered":"","protected":false},"author":1,"featured_media":0,"parent":0,"menu_order":0,"comment_status":"closed","ping_status":"closed","template":"page-split.php","meta":{"_monsterinsights_skip_tracking":false,"_monsterinsights_sitenote_active":false,"_monsterinsights_sitenote_note":"","_monsterinsights_sitenote_category":0},"yoast_head":"<!-- This site is optimized with the Yoast SEO plugin v17.2 - https:\/\/yoast.com\/wordpress\/plugins\/seo\/ -->\n<title>Z\u00e1hor\u00ed.digital - Z\u00e1hor\u00ed.digital<\/title>\n<meta name=\"robots\" content=\"index, follow, max-snippet:-1, max-image-preview:large, max-video-preview:-1\" \/>\n<link rel=\"canonical\" href=\"https:\/\/www.zahori.digital\/\" \/>\n<meta property=\"og:locale\" content=\"en_US\" \/>\n<meta property=\"og:type\" content=\"article\" \/>\n<meta property=\"og:title\" content=\"Z\u00e1hor\u00ed.digital - Z\u00e1hor\u00ed.digital\" \/>\n<meta property=\"og:url\" content=\"https:\/\/www.zahori.digital\/\" \/>\n<meta property=\"og:site_name\" content=\"Z\u00e1hor\u00ed.digital\" \/>\n<meta property=\"article:modified_time\" content=\"2021-10-04T14:32:23+00:00\" \/>\n<meta name=\"twitter:card\" content=\"summary_large_image\" \/>\n<script type=\"application\/ld+json\" class=\"yoast-schema-graph\">{\"@context\":\"https:\/\/schema.org\",\"@graph\":[{\"@type\":\"WebSite\",\"@id\":\"https:\/\/www.zahori.digital\/#website\",\"url\":\"https:\/\/www.zahori.digital\/\",\"name\":\"Z\\u00e1hor\\u00ed.digital\",\"description\":\"kreat\\u00edvna agent\\u00fara\",\"potentialAction\":[{\"@type\":\"SearchAction\",\"target\":{\"@type\":\"EntryPoint\",\"urlTemplate\":\"https:\/\/www.zahori.digital\/?s={search_term_string}\"},\"query-input\":\"required name=search_term_string\"}],\"inLanguage\":\"en-US\"},{\"@type\":\"WebPage\",\"@id\":\"https:\/\/www.zahori.digital\/#webpage\",\"url\":\"https:\/\/www.zahori.digital\/\",\"name\":\"Z\\u00e1hor\\u00ed.digital - Z\\u00e1hor\\u00ed.digital\",\"isPartOf\":{\"@id\":\"https:\/\/www.zahori.digital\/#website\"},\"datePublished\":\"2019-11-10T13:02:42+00:00\",\"dateModified\":\"2021-10-04T14:32:23+00:00\",\"breadcrumb\":{\"@id\":\"https:\/\/www.zahori.digital\/#breadcrumb\"},\"inLanguage\":\"en-US\",\"potentialAction\":[{\"@type\":\"ReadAction\",\"target\":[\"https:\/\/www.zahori.digital\/\"]}]},{\"@type\":\"BreadcrumbList\",\"@id\":\"https:\/\/www.zahori.digital\/#breadcrumb\",\"itemListElement\":[{\"@type\":\"ListItem\",\"position\":1,\"name\":\"Home\",\"item\":\"https:\/\/www.zahori.digital\/\"},{\"@type\":\"ListItem\",\"position\":2,\"name\":\"Z\\u00e1hor\\u00ed.digital\"}]}]}<\/script>\n<!-- \/ Yoast SEO plugin. -->","yoast_head_json":{"title":"Z\u00e1hor\u00ed.digital - Z\u00e1hor\u00ed.digital","robots":{"index":"index","follow":"follow","max-snippet":"max-snippet:-1","max-image-preview":"max-image-preview:large","max-video-preview":"max-video-preview:-1"},"canonical":"https:\/\/www.zahori.digital\/","og_locale":"en_US","og_type":"article","og_title":"Z\u00e1hor\u00ed.digital - Z\u00e1hor\u00ed.digital","og_url":"https:\/\/www.zahori.digital\/","og_site_name":"Z\u00e1hor\u00ed.digital","article_modified_time":"2021-10-04T14:32:23+00:00","twitter_card":"summary_large_image","schema":{"@context":"https:\/\/schema.org","@graph":[{"@type":"WebSite","@id":"https:\/\/www.zahori.digital\/#website","url":"https:\/\/www.zahori.digital\/","name":"Z\u00e1hor\u00ed.digital","description":"kreat\u00edvna agent\u00fara","potentialAction":[{"@type":"SearchAction","target":{"@type":"EntryPoint","urlTemplate":"https:\/\/www.zahori.digital\/?s={search_term_string}"},"query-input":"required name=search_term_string"}],"inLanguage":"en-US"},{"@type":"WebPage","@id":"https:\/\/www.zahori.digital\/#webpage","url":"https:\/\/www.zahori.digital\/","name":"Z\u00e1hor\u00ed.digital - Z\u00e1hor\u00ed.digital","isPartOf":{"@id":"https:\/\/www.zahori.digital\/#website"},"datePublished":"2019-11-10T13:02:42+00:00","dateModified":"2021-10-04T14:32:23+00:00","breadcrumb":{"@id":"https:\/\/www.zahori.digital\/#breadcrumb"},"inLanguage":"en-US","potentialAction":[{"@type":"ReadAction","target":["https:\/\/www.zahori.digital\/"]}]},{"@type":"BreadcrumbList","@id":"https:\/\/www.zahori.digital\/#breadcrumb","itemListElement":[{"@type":"ListItem","position":1,"name":"Home","item":"https:\/\/www.zahori.digital\/"},{"@type":"ListItem","position":2,"name":"Z\u00e1hor\u00ed.digital"}]}]}},"_links":{"self":[{"href":"https:\/\/www.zahori.digital\/index.php\/wp-json\/wp\/v2\/pages\/1068"}],"collection":[{"href":"https:\/\/www.zahori.digital\/index.php\/wp-json\/wp\/v2\/pages"}],"about":[{"href":"https:\/\/www.zahori.digital\/index.php\/wp-json\/wp\/v2\/types\/page"}],"author":[{"embeddable":true,"href":"https:\/\/www.zahori.digital\/index.php\/wp-json\/wp\/v2\/users\/1"}],"replies":[{"embeddable":true,"href":"https:\/\/www.zahori.digital\/index.php\/wp-json\/wp\/v2\/comments?post=1068"}],"version-history":[{"count":6,"href":"https:\/\/www.zahori.digital\/index.php\/wp-json\/wp\/v2\/pages\/1068\/revisions"}],"predecessor-version":[{"id":2932,"href":"https:\/\/www.zahori.digital\/index.php\/wp-json\/wp\/v2\/pages\/1068\/revisions\/2932"}],"wp:attachment":[{"href":"https:\/\/www.zahori.digital\/index.php\/wp-json\/wp\/v2\/media?parent=1068"}],"curies":[{"name":"wp","href":"https:\/\/api.w.org\/{rel}","templated":true}]}}